{"id":5851,"date":"2022-12-09T14:32:54","date_gmt":"2022-12-09T14:32:54","guid":{"rendered":"http:\/\/y4i.b71.mytemp.website\/cookie-policy-eu\/"},"modified":"2025-08-27T14:26:39","modified_gmt":"2025-08-27T14:26:39","slug":"politica-de-cookies-ue","status":"publish","type":"page","link":"https:\/\/upkaizen.com\/es\/cookie-policy-eu\/","title":{"rendered":"Pol\u00edtica de cookies (UE)"},"content":{"rendered":"<div data-elementor-type=\"wp-page\" data-elementor-id=\"5851\" class=\"elementor elementor-5851\" data-elementor-post-type=\"page\">\n\t\t\t\t<div class=\"elementor-element elementor-element-8587073 e-flex e-con-boxed e-con e-parent\" data-id=\"8587073\" data-element_type=\"container\" data-e-type=\"container\">\n\t\t\t\t\t<div class=\"e-con-inner\">\n\t\t\t\t<div class=\"elementor-element elementor-element-b65c50e elementor-widget elementor-widget-heading\" data-id=\"b65c50e\" data-element_type=\"widget\" data-e-type=\"widget\" data-widget_type=\"heading.default\">\n\t\t\t\t<div class=\"elementor-widget-container\">\n\t\t\t\t\t<h1 class=\"elementor-heading-title elementor-size-default\">Pol\u00edtica de cookies<\/h1>\t\t\t\t<\/div>\n\t\t\t\t<\/div>\n\t\t\t\t<div class=\"elementor-element elementor-element-cb98959 elementor-widget elementor-widget-text-editor\" data-id=\"cb98959\" data-element_type=\"widget\" data-e-type=\"widget\" data-widget_type=\"text-editor.default\">\n\t\t\t\t<div class=\"elementor-widget-container\">\n\t\t\t\t\t\t\t\t\t<p><b>\u00daltima actualizaci\u00f3n:<\/b> 27 de agosto de 2025<\/p><h4>\u00bfQu\u00e9 son las cookies?<\/h4><p>Las cookies son peque\u00f1os archivos de texto que se almacenan en tu dispositivo (ordenador, tableta o tel\u00e9fono) al visitar un sitio web. Ayudan a que el sitio funcione de forma m\u00e1s eficiente y a recordar tus preferencias. Tambi\u00e9n se utilizan para recopilar datos sobre tu navegaci\u00f3n y personalizar tu experiencia.<\/p><h4>C\u00f3mo utilizamos las cookies<\/h4><p>Utilizamos cookies por las siguientes razones:<\/p><ul><li><p><b>Cookies esenciales:<\/b> Estas cookies son necesarias para el correcto funcionamiento de nuestro sitio web y para que usted pueda navegar por \u00e9l y utilizar sus funciones, como el acceso a zonas seguras. Sin estas cookies, el sitio web no funcionar\u00eda.<\/p><\/li><li><p><b>Cookies de rendimiento y an\u00e1lisis:<\/b> Utilizamos estas cookies para recopilar informaci\u00f3n sobre c\u00f3mo los visitantes utilizan nuestro sitio web (por ejemplo, qu\u00e9 p\u00e1ginas visitan con m\u00e1s frecuencia, si encuentran errores, etc.). Esto nos ayuda a mejorar la funcionalidad y el rendimiento del sitio.<\/p><\/li><li><p><b>Cookies de funcionalidad:<\/b> Estas cookies permiten que el sitio web recuerde tus preferencias, como tu nombre de usuario, idioma o regi\u00f3n. Esto nos permite ofrecerte una experiencia m\u00e1s personalizada y c\u00f3moda.<\/p><\/li><li><p><b>Cookies de publicidad y segmentaci\u00f3n:<\/b> Estas cookies se utilizan para mostrarte anuncios m\u00e1s relevantes para ti y tus intereses. Tambi\u00e9n limitan la cantidad de veces que ves un anuncio y miden la efectividad de las campa\u00f1as publicitarias.<\/p><\/li><\/ul><h4>Consentimiento del usuario<\/h4><p>Para las cookies no esenciales, necesitamos su consentimiento expl\u00edcito. Al aceptar nuestro aviso de cookies, nos autoriza a utilizar este tipo de cookies. Puede cambiar su consentimiento en cualquier momento a trav\u00e9s de la configuraci\u00f3n de cookies de nuestro sitio web.<\/p><h4>C\u00f3mo controlar las cookies<\/h4><p>Tienes control total sobre las cookies. Puedes gestionar tus preferencias en cualquier momento a trav\u00e9s de <b>Configuraci\u00f3n de cookies<\/b> en nuestro sitio web.<\/p><p>Tambi\u00e9n puede configurar su navegador para aceptar o rechazar todas las cookies, o para que le notifique cuando se env\u00ede una. Tenga en cuenta que si desactiva las cookies esenciales, es posible que algunas partes del sitio web no funcionen correctamente.<\/p><h4>\u00bfPreguntas?<\/h4><p>Si tiene alguna pregunta sobre nuestra pol\u00edtica de cookies, no dude en contactarnos en <b>support@upkaizen.com<\/b>.<\/p>\t\t\t\t\t\t\t\t<\/div>\n\t\t\t\t<\/div>\n\t\t\t\t\t<\/div>\n\t\t\t\t<\/div>\n\t\t\t\t<\/div>","protected":false},"excerpt":{"rendered":"<p>Cookie Policy Last updated: August 27, 2025 What Are Cookies? Cookies are small text files stored on your device (computer, tablet, or phone) when you visit a website. They help the site work more efficiently and remember your preferences. They are also used to collect data on how you browse and to personalize your experience. [&hellip;]<\/p>\n","protected":false},"author":1,"featured_media":0,"parent":0,"menu_order":0,"comment_status":"closed","ping_status":"closed","template":"","meta":{"content-type":"","_uf_show_specific_survey":0,"_uf_disable_surveys":false,"footnotes":""},"class_list":["post-5851","page","type-page","status-publish","hentry"],"aioseo_notices":[],"_links":{"self":[{"href":"https:\/\/upkaizen.com\/es\/wp-json\/wp\/v2\/pages\/5851","targetHints":{"allow":["GET"]}}],"collection":[{"href":"https:\/\/upkaizen.com\/es\/wp-json\/wp\/v2\/pages"}],"about":[{"href":"https:\/\/upkaizen.com\/es\/wp-json\/wp\/v2\/types\/page"}],"author":[{"embeddable":true,"href":"https:\/\/upkaizen.com\/es\/wp-json\/wp\/v2\/users\/1"}],"replies":[{"embeddable":true,"href":"https:\/\/upkaizen.com\/es\/wp-json\/wp\/v2\/comments?post=5851"}],"version-history":[{"count":36,"href":"https:\/\/upkaizen.com\/es\/wp-json\/wp\/v2\/pages\/5851\/revisions"}],"predecessor-version":[{"id":12127,"href":"https:\/\/upkaizen.com\/es\/wp-json\/wp\/v2\/pages\/5851\/revisions\/12127"}],"wp:attachment":[{"href":"https:\/\/upkaizen.com\/es\/wp-json\/wp\/v2\/media?parent=5851"}],"curies":[{"name":"wp","href":"https:\/\/api.w.org\/{rel}","templated":true}]}}