{"id":478,"date":"2022-07-01T03:48:19","date_gmt":"2022-07-01T03:48:19","guid":{"rendered":"http:\/\/y4i.b71.mytemp.website\/privacy-policy\/"},"modified":"2025-08-27T14:33:15","modified_gmt":"2025-08-27T14:33:15","slug":"politica-de-privacidad","status":"publish","type":"page","link":"https:\/\/upkaizen.com\/es\/privacy-policy\/","title":{"rendered":"Pol\u00edtica de privacidad"},"content":{"rendered":"<div data-elementor-type=\"wp-page\" data-elementor-id=\"478\" class=\"elementor elementor-478\" data-elementor-post-type=\"page\">\n\t\t\t\t\t\t<section class=\"elementor-section elementor-top-section elementor-element elementor-element-882071b elementor-section-boxed elementor-section-height-default elementor-section-height-default\" data-id=\"882071b\" data-element_type=\"section\" data-e-type=\"section\">\n\t\t\t\t\t\t<div class=\"elementor-container elementor-column-gap-default\">\n\t\t\t\t\t<div class=\"elementor-column elementor-col-100 elementor-top-column elementor-element elementor-element-2e93a77f\" data-id=\"2e93a77f\" data-element_type=\"column\" data-e-type=\"column\">\n\t\t\t<div class=\"elementor-widget-wrap elementor-element-populated\">\n\t\t\t\t\t\t<div class=\"elementor-element elementor-element-53554350 elementor-widget elementor-widget-heading\" data-id=\"53554350\" data-element_type=\"widget\" data-e-type=\"widget\" data-widget_type=\"heading.default\">\n\t\t\t\t<div class=\"elementor-widget-container\">\n\t\t\t\t\t<h1 class=\"elementor-heading-title elementor-size-default\">Pol\u00edtica de privacidad<\/h1>\t\t\t\t<\/div>\n\t\t\t\t<\/div>\n\t\t\t\t<div class=\"elementor-element elementor-element-7d68000d elementor-widget elementor-widget-text-editor\" data-id=\"7d68000d\" data-element_type=\"widget\" data-e-type=\"widget\" data-widget_type=\"text-editor.default\">\n\t\t\t\t<div class=\"elementor-widget-container\">\n\t\t\t\t\t\t\t\t\t<p><span style=\"font-family: var( --e-global-typography-primary-font-family ), Sans-serif; font-size: var( --e-global-typography-primary-font-size ); font-style: var( --e-global-typography-primary-font-style ); letter-spacing: var( --e-global-typography-primary-letter-spacing ); text-transform: var( --e-global-typography-primary-text-transform ); background-color: var( --e-global-color-d3ae19d );\">\u00daltima actualizaci\u00f3n: 27 de agosto de 2025<\/span><\/p><p><span style=\"font-weight: 400;\">Gracias por visitar el sitio web de UPKAIZEN. Estamos comprometidos a proteger su privacidad y a manejar su informaci\u00f3n personal con cuidado. Esta Pol\u00edtica de Privacidad describe c\u00f3mo recopilamos, utilizamos y salvaguardamos su informaci\u00f3n.<\/span><\/p><h5><b>1. Sin proporcionar informaci\u00f3n personal<\/b><\/h5><p><span style=\"font-weight: 400;\">Le invitamos a utilizar nuestro sitio web sin revelar ninguna informaci\u00f3n personal.\u00a0<\/span><\/p><h6><b>1.1 Cookies<\/b><\/h6><p><span style=\"font-weight: 400;\">Vea nuestro <\/span><a href=\"https:\/\/upkaizen.com\/es\/politica-de-cookies-ue\/\" target=\"_blank\" rel=\"nofollow noopener\"><span style=\"font-weight: 400;\">Pol\u00edtica de cookies<\/span><\/a><span style=\"font-weight: 400;\">.<\/span><\/p><h6><b>1.2 An\u00e1lisis de uso en nuestro sitio web \u2013 Google Analytics<\/b><\/h6><p><span style=\"font-weight: 400;\">Utilizamos Google Analytics para recopilar informaci\u00f3n sobre c\u00f3mo los visitantes interact\u00faan con nuestro sitio web. Google Universal Analytics recopila datos de uso colocando cookies en su dispositivo. La informaci\u00f3n recopilada, incluida su direcci\u00f3n IP, se transmite y almacena en servidores de Google en los Estados Unidos. Sin embargo, hemos habilitado la anonimizaci\u00f3n de IP, que enmascara el \u00faltimo octeto de la direcci\u00f3n IP, garantizando su privacidad. La finalidad del uso de Google Analytics es analizar el tr\u00e1fico del sitio web y mejorar nuestros servicios.<\/span><\/p><h6><b>1.3 Enlaces a Redes Sociales<\/b><\/h6><p><span style=\"font-weight: 400;\">Nuestro sitio web puede contener enlaces a redes sociales. Tenga en cuenta que hacer clic en estos enlaces puede resultar en la recopilaci\u00f3n de su informaci\u00f3n por parte de estas plataformas de terceros. Le recomendamos que revise las pol\u00edticas de privacidad de estas plataformas antes de proporcionar cualquier informaci\u00f3n personal.<\/span><\/p><h5><b>2. Tratamiento de Datos Personales<\/b><\/h5><h6><b>2.1 Bolet\u00edn<\/b><\/h6><p><span style=\"font-weight: 400;\">Si elige suscribirse a nuestro bolet\u00edn, podemos recopilar informaci\u00f3n personal como su nombre y direcci\u00f3n de correo electr\u00f3nico. Utilizamos esta informaci\u00f3n para enviarle actualizaciones, promociones y otro contenido relevante. Puede darse de baja de nuestro bolet\u00edn en cualquier momento siguiendo las instrucciones proporcionadas en el correo electr\u00f3nico o contact\u00e1ndonos directamente.<\/span><\/p><h6><b>2.2 Intercambio de datos de clientes con plataformas de terceros<\/b><\/h6><p><span style=\"font-weight: 400;\">Al adquirir nuestros cursos o productos digitales a trav\u00e9s de plataformas de terceros, sus datos personales (incluidos su nombre y correo electr\u00f3nico) podr\u00edan compartirse con nosotros, UPKAIZEN, para prestarle el servicio y proporcionarle acceso al contenido del curso. Al realizar una compra en su sitio web, usted consiente el intercambio de datos entre la plataforma de terceros y UPKAIZEN, de acuerdo con nuestras respectivas pol\u00edticas de privacidad.<\/span><\/p><h5><b>3. Declaraciones adicionales sobre protecci\u00f3n de datos<\/b><\/h5><h6><b>3.1 Oficina Responsable<\/b><\/h6><p><span style=\"font-weight: 400;\">UPKAIZEN es el responsable del tratamiento de sus datos personales. Si tiene alguna pregunta o inquietud sobre nuestra Pol\u00edtica de Privacidad o el manejo de su informaci\u00f3n, cont\u00e1ctenos en <\/span><a href=\"mailto:support@upkaizen.com\"><span style=\"font-weight: 400;\">support@upkaizen.com<\/span><\/a><span style=\"font-weight: 400;\">.<\/span><\/p><h6><b>3.2 Sus derechos como interesado, revocaci\u00f3n del consentimiento<\/b><\/h6><p><span style=\"font-weight: 400;\">Tiene derecho a acceder, rectificar o eliminar la informaci\u00f3n personal que poseemos. Tambi\u00e9n podr\u00e1 revocar cualquier consentimiento que haya otorgado para el tratamiento de sus datos. Para ejercer estos derechos o realizar cualquier consulta sobre sus datos personales, comun\u00edquese con nosotros utilizando los detalles proporcionados anteriormente.<\/span><\/p><h6><b>3.3 Aplicaciones<\/b><\/h6><p><span style=\"font-weight: 400;\">Cuando env\u00eda una solicitud de empleo o colaboraci\u00f3n con UPKAIZEN, podemos recopilar informaci\u00f3n personal como su curr\u00edculum vitae y datos de contacto. Esta informaci\u00f3n solo se utilizar\u00e1 con el fin de evaluar su solicitud y no se compartir\u00e1 con terceros sin su consentimiento.<\/span><\/p><h6><b>3.4 P\u00e1ginas enlazadas<\/b><\/h6><p><span style=\"font-weight: 400;\">Nuestro sitio web puede contener enlaces a sitios web externos. No somos responsables de las pr\u00e1cticas de privacidad o el contenido de estos sitios de terceros. Le recomendamos que revise las pol\u00edticas de privacidad de cualquier sitio web que visite a trav\u00e9s de enlaces externos.<\/span><\/p><h5><b>4. Medidas de seguridad<\/b><\/h5><p><span style=\"font-weight: 400;\">Implementamos medidas t\u00e9cnicas y organizativas apropiadas para proteger su informaci\u00f3n personal contra el acceso no autorizado, la alteraci\u00f3n, la divulgaci\u00f3n o la destrucci\u00f3n. Sin embargo, tenga en cuenta que ning\u00fan m\u00e9todo de transmisi\u00f3n a trav\u00e9s de Internet o almacenamiento electr\u00f3nico es completamente seguro y no podemos garantizar la seguridad absoluta de sus datos.<\/span><\/p><h5><b>5. Retenci\u00f3n de datos<\/b><\/h5><p><span style=\"font-weight: 400;\">Conservamos su informaci\u00f3n personal solo durante el tiempo necesario para cumplir con los prop\u00f3sitos descritos en esta Pol\u00edtica de Privacidad, a menos que la ley requiera o permita un per\u00edodo de retenci\u00f3n m\u00e1s largo.<\/span><\/p><h5><b>6. Transferencias Internacionales de Datos<\/b><\/h5><p><span style=\"font-weight: 400;\">Su informaci\u00f3n personal puede transferirse y procesarse en pa\u00edses fuera de su jurisdicci\u00f3n donde se encuentran nuestros servidores o donde se encuentran los proveedores de servicios. Tenga en cuenta que estos pa\u00edses pueden tener leyes de protecci\u00f3n de datos que difieren de las de su jurisdicci\u00f3n y, al utilizar nuestros servicios, usted acepta la transferencia de su informaci\u00f3n a estos pa\u00edses.<\/span><\/p><h5><b>7. Privacidad de los ni\u00f1os<\/b><\/h5><p><span style=\"font-weight: 400;\">Nuestros servicios no est\u00e1n dirigidos a personas menores de 18 a\u00f1os. No recopilamos conscientemente informaci\u00f3n personal de ni\u00f1os. Si es padre o tutor y cree que su hijo nos ha proporcionado informaci\u00f3n personal, comun\u00edquese con nosotros y tomaremos medidas para eliminar dicha informaci\u00f3n de nuestros sistemas.<\/span><\/p><h5><b>8. Proveedores de servicios externos<\/b><\/h5><p><span style=\"font-weight: 400;\">Podemos contratar empresas e individuos de terceros para facilitar nuestros servicios, brindar servicios en nuestro nombre, realizar servicios relacionados con el sitio web o ayudarnos a analizar c\u00f3mo se utilizan nuestros servicios. Estos terceros pueden tener acceso a su informaci\u00f3n personal s\u00f3lo para realizar estas tareas en nuestro nombre y est\u00e1n obligados a no revelarla ni utilizarla para ning\u00fan otro prop\u00f3sito.<\/span><\/p><h5><b>9. Base Legal para el Tratamiento de Datos Personales<\/b><\/h5><p><span style=\"font-weight: 400;\">S\u00f3lo procesaremos tus datos personales cuando tengamos una base legal para hacerlo. Esto puede incluir la ejecuci\u00f3n de un contrato, el cumplimiento de una obligaci\u00f3n legal, la protecci\u00f3n de intereses vitales, el consentimiento o intereses leg\u00edtimos perseguidos por nosotros o un tercero.<\/span><\/p><h5><b>10. Notificaci\u00f3n de violaci\u00f3n de datos<\/b><\/h5><p><span style=\"font-weight: 400;\">En caso de una violaci\u00f3n de datos que afecte su informaci\u00f3n personal y presente un riesgo para sus derechos y libertades, se lo notificaremos a usted y a las autoridades pertinentes de acuerdo con las leyes de protecci\u00f3n de datos aplicables.<\/span><\/p><h5><b>11. Toma de decisiones y elaboraci\u00f3n de perfiles automatizados<\/b><\/h5><p><span style=\"font-weight: 400;\">No participamos en procesos automatizados de toma de decisiones ni elaboraci\u00f3n de perfiles que afecten significativamente a las personas. Sin embargo, si dichos procesos se implementan en el futuro, proporcionaremos el aviso y las salvaguardias adecuados de acuerdo con las leyes aplicables.<\/span><\/p><h5><b>12. Solicitudes de interesados<\/b><\/h5><p><span style=\"font-weight: 400;\">Si desea ejercer sus derechos con respecto a sus datos personales, incluido acceder, corregir o eliminar su informaci\u00f3n, comun\u00edquese con nosotros utilizando los detalles proporcionados en esta Pol\u00edtica de Privacidad. Responderemos a su solicitud dentro de los plazos especificados por las leyes de protecci\u00f3n de datos aplicables.<\/span><\/p><h5><b>13. Quejas<\/b><\/h5><p><span style=\"font-weight: 400;\">Si cree que se han violado sus derechos de privacidad o si tiene alguna inquietud sobre nuestro manejo de su informaci\u00f3n personal, comun\u00edquese con nosotros. Tambi\u00e9n tiene derecho a presentar una reclamaci\u00f3n ante la autoridad de protecci\u00f3n de datos correspondiente.<\/span><\/p><h5><b>14. Cumplimiento del RGPD<\/b><\/h5><p><span style=\"font-weight: 400;\">Estamos comprometidos a cumplir con el Reglamento General de Protecci\u00f3n de Datos (GDPR) y otras leyes de protecci\u00f3n de datos aplicables. Si se encuentra en la Uni\u00f3n Europea o si procesamos sus datos personales en relaci\u00f3n con la oferta de bienes o servicios a personas en la UE, se aplican las siguientes disposiciones adicionales:<\/span><\/p><h6><b>14.1. Base legal para el procesamiento<\/b><\/h6><p><span style=\"font-weight: 400;\">Solo procesaremos sus datos personales cuando tengamos una base legal para hacerlo seg\u00fan el RGPD. Esto puede incluir su consentimiento, la ejecuci\u00f3n de un contrato, el cumplimiento de una obligaci\u00f3n legal, la protecci\u00f3n de intereses vitales o la b\u00fasqueda de intereses leg\u00edtimos.<\/span><\/p><h6><b>14.2. Derechos de los interesados<\/b><\/h6><p><span style=\"font-weight: 400;\">Seg\u00fan el RGPD, usted tiene ciertos derechos con respecto a sus datos personales, incluido el derecho a acceder, rectificar o borrar sus datos, el derecho a restringir u oponerse a su procesamiento y el derecho a la portabilidad de los datos. Si desea ejercer estos derechos, comun\u00edquese con nosotros utilizando los detalles proporcionados en esta Pol\u00edtica de Privacidad.<\/span><\/p><h6><b>14.3. Transferencias de datos transfronterizas<\/b><\/h6><p><span style=\"font-weight: 400;\">Si transferimos sus datos personales fuera del Espacio Econ\u00f3mico Europeo (EEE), nos aseguraremos de que existan las medidas de seguridad adecuadas para proteger sus datos de acuerdo con los requisitos del RGPD.<\/span><\/p><h6><b>14.4. Quejas RGPD<\/b><\/h6><p><span style=\"font-weight: 400;\">Si cree que hemos violado sus derechos seg\u00fan el RGPD o si tiene alguna inquietud con respecto a nuestro procesamiento de sus datos personales, tiene derecho a presentar una queja ante una autoridad supervisora. Sin embargo, le recomendamos que se comunique con nosotros primero para que podamos abordar sus inquietudes directamente.<\/span><\/p><h5><b>15. Ley aplicable<\/b><\/h5><p><span style=\"font-weight: 400;\">Esta Pol\u00edtica de Privacidad se rige e interpreta de conformidad con las leyes de Estonia. Cualquier disputa que surja de o est\u00e9 relacionada con esta Pol\u00edtica de Privacidad estar\u00e1 sujeta a la jurisdicci\u00f3n exclusiva de los tribunales de Estonia.<\/span><\/p><p><span style=\"font-weight: 400;\">UPKAIZEN O\u00dc<\/span><\/p><p><span style=\"font-weight: 400;\">Tallin, Estonia<\/span><\/p>\t\t\t\t\t\t\t\t<\/div>\n\t\t\t\t<\/div>\n\t\t\t\t\t<\/div>\n\t\t<\/div>\n\t\t\t\t\t<\/div>\n\t\t<\/section>\n\t\t\t\t<\/div>","protected":false},"excerpt":{"rendered":"<p>Privacy Policy Last updated: August 27, 2025 Thank you for visiting UPKAIZEN&#8217;s website. We are committed to protecting your privacy and handling your personal information with care. This Privacy Policy outlines how we collect, use, and safeguard your information. 1. Without Providing Personal Information You are welcome to utilize our website without disclosing any personal [&hellip;]<\/p>\n","protected":false},"author":1,"featured_media":0,"parent":0,"menu_order":0,"comment_status":"closed","ping_status":"closed","template":"","meta":{"content-type":"","_uf_show_specific_survey":0,"_uf_disable_surveys":false,"footnotes":""},"class_list":["post-478","page","type-page","status-publish","hentry"],"aioseo_notices":[],"_links":{"self":[{"href":"https:\/\/upkaizen.com\/es\/wp-json\/wp\/v2\/pages\/478","targetHints":{"allow":["GET"]}}],"collection":[{"href":"https:\/\/upkaizen.com\/es\/wp-json\/wp\/v2\/pages"}],"about":[{"href":"https:\/\/upkaizen.com\/es\/wp-json\/wp\/v2\/types\/page"}],"author":[{"embeddable":true,"href":"https:\/\/upkaizen.com\/es\/wp-json\/wp\/v2\/users\/1"}],"replies":[{"embeddable":true,"href":"https:\/\/upkaizen.com\/es\/wp-json\/wp\/v2\/comments?post=478"}],"version-history":[{"count":32,"href":"https:\/\/upkaizen.com\/es\/wp-json\/wp\/v2\/pages\/478\/revisions"}],"predecessor-version":[{"id":12137,"href":"https:\/\/upkaizen.com\/es\/wp-json\/wp\/v2\/pages\/478\/revisions\/12137"}],"wp:attachment":[{"href":"https:\/\/upkaizen.com\/es\/wp-json\/wp\/v2\/media?parent=478"}],"curies":[{"name":"wp","href":"https:\/\/api.w.org\/{rel}","templated":true}]}}